{"id":1477,"date":"2020-01-22T15:21:43","date_gmt":"2020-01-22T15:21:43","guid":{"rendered":"http:\/\/superacionymotivacion.com\/paginas\/e08-pasos-para-establecer-metas\/"},"modified":"2020-06-20T12:10:55","modified_gmt":"2020-06-20T12:10:55","slug":"alcanza-tus-suenos","status":"publish","type":"page","link":"http:\/\/superacionymotivacion.com\/paginas\/alcanza-tus-suenos\/","title":{"rendered":"E09 Alcanza Tus Sue\u00f1os"},"content":{"rendered":"<div id=\"pbuilder_wrapper\">\n<div id=\"pbuilder_content_wrapper\">\n<div id=\"pbuilder_content\">\n<div data-rowtype=\"0\" data-rowid=\"0\" style=\"border:none;\" class=\"pbuilder_row pbuilder_row_id_0\">\n<div class=\"pbuilder_row_background\" style=\" background-color: rgb(138, 97, 28); \"><\/div>\n<div  class=\"pbuilder_row_colwrapper\" style=\"padding:36px 0px 36px 0px;\" >\n<div data-colnumber=\"0\" class=\"pbuilder_column pbuilder_column-1-1\">\n<div class=\"pbuilder_column_background\" style=\"border:none; background-color: ; \"><\/div>\n<div style=\"\" class=\" pbuilder_column_inner pbuilder_droppable\" >\n<div class=\"pbuilder_module\" data-shortcode=\"text\" data-modid=\"0\"><link rel=\"stylesheet\" type=\"text\/css\" href=\"\/\/fonts.googleapis.com\/css?family=Open+Sans+Condensed:700&#038;subset=all\">\n<style type=\"text\/css\" scoped=\"scoped\">\n    #frb_text_1651089288, #frb_text_1651089288 *{font-family: Open Sans Condensed, serif !important; letter-spacing:0px;}\n    #frb_text_1651089288 a{color: #ffffff;}\n    #frb_text_1651089288 a:hover{color: #444444;}@media only screen and (max-width : 768px) {\n        #frb_text_1651089288{font-size:12px !important;}\n        #frb_text_1651089288 .frb_button_icon{font-size:26px !important;}<\/p>\n<p>      }<\/style>\n<style type=\"text\/css\" scoped=\"scoped\">#frb_text_1651089288.frb_onScreen.frb_animated {-webkit-animation-duration: 1000ms; animation-duration: 1000ms;}#frb_text_1651089288.frb_onScreen.frb_hinge {-webkit-animation-duration: 2000ms; animation-duration: 2000ms;}<\/style>\n<div id=\"frb_text_1651089288\" class=\"\" style=\"margin:0px 0px 26px 0px;padding:0px 0px 0px 0px;border:none;text-align:center; font-size:55px; line-height:35px;\">\n<div class=\"frb_text\" style=\"color:#ffffff;\"><strong>Alcanza Tus Sue\u00f1os<\/strong><\/div>\n<\/div>\n<\/div>\n<div class=\"pbuilder_module\" data-shortcode=\"text\" data-modid=\"1\"><link rel=\"stylesheet\" type=\"text\/css\" href=\"\/\/fonts.googleapis.com\/css?family=Lato:700&#038;subset=all\">\n<style type=\"text\/css\" scoped=\"scoped\">\n    #frb_text_2063635004, #frb_text_2063635004 *{font-family: Lato, serif !important; letter-spacing:0px;}\n    #frb_text_2063635004 a{color: #ffffff;}\n    #frb_text_2063635004 a:hover{color: #444444;}@media only screen and (max-width : 768px) {\n        #frb_text_2063635004{font-size:12px !important;}\n        #frb_text_2063635004 .frb_button_icon{font-size:26px !important;}<\/p>\n<p>      }<\/style>\n<style type=\"text\/css\" scoped=\"scoped\">#frb_text_2063635004.frb_onScreen.frb_animated {-webkit-animation-duration: 1000ms; animation-duration: 1000ms;}#frb_text_2063635004.frb_onScreen.frb_hinge {-webkit-animation-duration: 2000ms; animation-duration: 2000ms;}<\/style>\n<div id=\"frb_text_2063635004\" class=\"\" style=\"margin:0px 0px 0px 0px;padding:0px 0px 0px 0px;border:none;text-align:center; font-size:18px; line-height:20px;\">\n<div class=\"frb_text\" style=\"color:#ffffff;\">&#8220;Este libro te ayudar\u00e1 a definir tus objetivos, as\u00ed como tambi\u00e9n definir el tipo de vida que deseas crear. Te ayudar\u00e1 a establecer metas que te inspirar\u00e1n y te har\u00e1n querer saltar de la cama todas las ma\u00f1anas&#8230;&#8221;<\/div>\n<\/div>\n<\/div>\n<\/div>\n<\/div>\n<div style=\"clear:both;\"><\/div>\n<\/div>\n<\/div>\n<style><\/style>\n<div data-rowtype=\"19\" data-rowid=\"2\" style=\"border:none;\" class=\"pbuilder_row pbuilder_row_id_2\">\n<div class=\"pbuilder_row_background\" style=\" background-color: rgb(163, 116, 23); \"><\/div>\n<div  class=\"pbuilder_row_colwrapper\" style=\"padding:36px 0px 36px 0px;\" >\n<div data-colnumber=\"0\" class=\"pbuilder_column pbuilder_column-2-5\">\n<div class=\"pbuilder_column_background\" style=\"border:none; background-color: ; \"><\/div>\n<div style=\"padding:36px 0px 0px 0px;\" class=\" pbuilder_column_inner pbuilder_droppable\" >\n<div class=\"pbuilder_module\" data-shortcode=\"optin\" data-modid=\"5\">\n<style type=\"text\/css\" scoped=\"scoped\">#frb_optin_966268850.frb_onScreen.frb_animated {-webkit-animation-duration: 1000ms; animation-duration: 1000ms;}#frb_optin_966268850.frb_onScreen.frb_hinge {-webkit-animation-duration: 2000ms; animation-duration: 2000ms;}<\/style>\n<div id=\"frb_optin_966268850\" class=\"\">\n<div class=\"frb_textcenter\">\n<style>.optinfrb_optin_966268850{border-radius: 6px;border:none;margin:50px 0px 0px 0px;padding:20px 20px 20px 20px;background-color:#FFFFFF;<\/style>\n<form method=\"POST\" action=\"https:\/\/www.aweber.com\/scripts\/addlead.pl\" class=\"optin optinF optinfrb_optin_966268850 optin_style_Vertical\" name=\"optinfrb_optin_966268850\" id=\"optinfrb_optin_966268850\" accept-charset=\"UTF-8\" autocomplete>\n<div class=\"content\">\n<div style=\"display: none;\"><input type=\"hidden\" id=\"frb_optin_966268850_meta_web_form_id\" name=\"meta_web_form_id\" value=\"717705435\" \/><br \/>\n<input type=\"hidden\" id=\"frb_optin_966268850_meta_split_id\" name=\"meta_split_id\" value=\"\" \/><br \/>\n<input type=\"hidden\" id=\"frb_optin_966268850_listname\" name=\"listname\" value=\"awlist4814166\" \/><br \/>\n<input type=\"hidden\" id=\"frb_optin_966268850_redirect\" name=\"redirect\" value=\"http:\/\/superacionymotivacion.com\/paginas\/alcanza-tus-suenos-dw\/\" \/><br \/>\n<input type=\"hidden\" id=\"frb_optin_966268850_meta_redirect_onlist\" name=\"meta_redirect_onlist\" value=\"http:\/\/superacionymotivacion.com\/paginas\/alcanza-tus-suenos-dw\/\" \/><br \/>\n<input type=\"hidden\" id=\"frb_optin_966268850_meta_adtracking\" name=\"meta_adtracking\" value=\"9__ALCANZA_TUS_SUE\u00d1OS\" \/><br \/>\n<input type=\"hidden\" id=\"frb_optin_966268850_meta_message\" name=\"meta_message\" value=\"1\" \/><br \/>\n<input type=\"hidden\" id=\"frb_optin_966268850_meta_required\" name=\"meta_required\" value=\"name,email\" \/><br \/>\n<input type=\"hidden\" id=\"frb_optin_966268850_meta_tooltip\" name=\"meta_tooltip\" value=\"\" \/><br \/>\n<input type=\"hidden\" id=\"frb_optin_966268850_tag_107311739\" name=\"tag_107311739\" value=\"metas\" \/>\n<\/div>\n<div id=\"leadin\" style=\"color:#111111; text-align:center;\">Ingresa tu Informaci\u00f3n y obt\u00e9n  acceso inmediato a la informaci\u00f3n<\/div>\n<div class=\"field\"><input type=\"text\"  validation=\"required\"  error-message=\"Please enter your first name\" name=\"name\" value=\"\" padding-left=\"4\" padding-top=\"4\" padding-bottom=\"4\" padding-right=\"33\" style=\"padding:4px !important; font-size:20px !important;  background:url('http:\/\/wpprofitbuilder.com\/templates\/wp-content\/plugins\/profit_builder\/images\/icons\/nameicon.png') no-repeat 98% center #ffffff; padding-right: 0px; width: 100% !important; box-sizing: border-box;;color:#111111 !important;\" placeholder=\"Aqui tu nombre\"  \/><\/div>\n<div class=\"field\"><input type=\"text\" validation=\"required email\" class=\"validate[funcCall[checkoptinrequired],custom[email]]\" error-message=\"Please enter an email\" name=\"email\" value=\"\" padding-left=\"4\" padding-top=\"4\" padding-bottom=\"4\" padding-right=\"33\" style=\"padding:4px !important; font-size:20px !important;  background:url('http:\/\/wpprofitbuilder.com\/templates\/wp-content\/plugins\/profit_builder\/images\/icons\/email.png') no-repeat 98% center #ffffff; padding-right: 0px;   width: 100% !important; box-sizing: border-box;;color:#111111 !important;\" placeholder=\"Aqui tu correo\"  \/><\/div>\n<div class=\"field-cb\" style=\"padding:10px 0; clear:both;\">\n      <input type=\"checkbox\" id=\"optinfrb_optin_966268850_checkbox\" name=\"optin_terms_box\" value=\"true\" style=\"width: auto; display:inline;\" \/> Acepto los <a href=\"http:\/\/superacionymotivacion.com\/terminos-y-condiciones\/\">terminos y condiciones<\/a><\/div>\n<div class='clear' style='clear:both;'><\/div>\n<div onclick=\"frb_optin_966268850submitForm()\" class=\"clearBoth frb_button frb_round  frb_center frb_fullwidth\" id=\"submitfrb_optin_966268850\" style=\"font-size:26px; line-height:26px; text-align:center; letter-spacing:-1px; font-weight:bold; padding:20px 0px; color:#ffffff; background:#ff6600; border: 0px solid #ff6600;cursor: pointer;\" data-textcolor=\"#ffffff\" data-backcolor=\"#ff6600\" data-hovertextcolor=\"#ffffff\" data-hoverbackcolor=\"#ff9900\">Acceso Inmediato<\/div>\n<p><script>var recaptcha=\"true\";var myForm = jQuery(\"#optinfrb_optin_966268850\");\n\t\tfunction frb_optin_966268850submitForm(){\n      if(recaptcha == \"false\"){\n\t\t\t\talert(\"Please check the I'm not a robot box\");\n\t\t\t\treturn false;\n\t\t\t}\n      if(!jQuery(\"#optinfrb_optin_966268850_checkbox\").is(\":checked\")){\n          jQuery(\"#optinfrb_optin_966268850_checkbox\").parent().addClass(\"error\");\n          return false;\n        } else {\n          jQuery(\"#optinfrb_optin_966268850_checkbox\").parent().removeClass(\"error\");\n        }if(jQuery(\"#optinfrb_optin_966268850\").validate(jQuery(\"#optinfrb_optin_966268850\"))) { console.log(\"Submit Form\");\n                    jQuery(\"#optinfrb_optin_966268850\").submit()\n            }\n\t\t}\n\t<\/script><\/p>\n<div class=\"privacy\" style=\"color:#111111;\"><img decoding=\"async\" src=\"http:\/\/superacionymotivacion.com\/paginas\/wp-content\/plugins\/profit_builder\/images\/privacylock.png\"> Valoramos tu privacidad<\/div>\n<\/div>\n<\/form>\n<\/div>\n<p>    <script type=\"text\/javascript\">\n        jQuery(window).trigger(\"resize\");\n        jQuery(document).ready(function(){<\/p>\n<p>\t\t});\n  <\/script><\/div>\n<div style=\"clear:both;\"><\/div>\n<style>#frb_optin_966268850 input::placeholder{color:#a5a5a5;}\n  #frb_optin_966268850 input::-webkit-input-placeholder{color:#a5a5a5;}\n  #frb_optin_966268850 input:-moz-placeholder {color:#a5a5a5;}<\/style>\n<\/div>\n<\/div>\n<\/div>\n<div data-colnumber=\"1\" class=\"pbuilder_column pbuilder_column-1-5\">\n<div class=\"pbuilder_column_background\" style=\"border:none; background-color: ; \"><\/div>\n<div style=\"\" class=\" pbuilder_column_inner pbuilder_droppable\" >\n<div class=\"pbuilder_module\" data-shortcode=\"slider\" data-modid=\"6\">\n<style type=\"text\/css\" scoped=\"scoped\">#frb_slider_677337890.frb_onScreen.frb_animated {-webkit-animation-duration: 1000ms; animation-duration: 1000ms;}#frb_slider_677337890.frb_onScreen.frb_hinge {-webkit-animation-duration: 2000ms; animation-duration: 2000ms;}<\/style>\n<div id=\"frb_slider_677337890\" class=\" frb_animated frb_bounceInRight\" style=\"margin:50px 0px 36px 0px;padding:0px 0px 0px 0px;border:none;box-sizing:border-box;\">\n<style type=\"text\/css\" scoped=\"scoped\">\n\t#frb_slider_677337890 .frb-swiper-pagination {display:none;}\n\t#frb_slider_677337890 .frb-swiper-nav-squared .frb-swiper-nav-left:before,\n\t#frb_slider_677337890 .frb-swiper-nav-squared .frb-swiper-nav-right:before {\n\t\tbackground: #ffffff;\n\t}\n\t#frb_slider_677337890 .frb-swiper-nav-round .frb-swiper-nav-left:before,\n\t#frb_slider_677337890 .frb-swiper-nav-round .frb-swiper-nav-right:before {\n\t\tborder-color: #ffffff;\n\t\tcolor: #ffffff;\n\t}<\/p>\n<\/style>\n<div id=\"frb_slider_677337890_container\" class=\"frb-swiper-container \" data-autoPlay=\"5000\" data-slidesPerView=\"1\" data-mode=\"horizontal\" >\n<div class=\"swiper-wrapper\">\n<div class=\"swiper-slide\" style=\"background:; color:#444444; text-align:center;\">\n<div class=\"content-slide\">\n<div style='padding-top:80px;'><img loading=\"lazy\" decoding=\"async\" src=\"http:\/\/wpprofitbuilder.com\/templates\/wp-content\/uploads\/2014\/08\/adv-arrow-left.png\" alt=\"adv-arrow-left\" width=\"119\" height=\"135\" \/><\/div>\n<\/p><\/div>\n<\/p><\/div>\n<\/p><\/div>\n<div class=\"frb-swiper-nav-left\"><\/div>\n<div class=\"frb-swiper-nav-right\"><\/div>\n<\/p><\/div>\n<div class=\"frb-swiper-pagination\"><\/div>\n<\/p><\/div>\n<style><\/style>\n<\/div>\n<\/div>\n<\/div>\n<div data-colnumber=\"2\" class=\"pbuilder_column pbuilder_column-2-5\">\n<div class=\"pbuilder_column_background\" style=\"border:none; background-color: ; \"><\/div>\n<div style=\"padding:0px 0px 36px 0px;\" class=\" pbuilder_column_inner pbuilder_droppable\" >\n<div class=\"pbuilder_module\" data-shortcode=\"image\" data-modid=\"4\">\n<style type=\"text\/css\" scoped=\"scoped\">#frb_image_349681135.frb_onScreen.frb_animated {-webkit-animation-duration: 1000ms; animation-duration: 1000ms;}#frb_image_349681135.frb_onScreen.frb_hinge {-webkit-animation-duration: 2000ms; animation-duration: 2000ms;}<\/style>\n<style type=\"text\/css\" scoped=\"scoped\">#frb_image_349681135 .frb_image_hover {background:#000000;}<\/style>\n<div id=\"frb_image_349681135\" class=\"\">\n<div class=\"frb_image\"><span style=\"text-align:center; width:100%; display:block;\"><\/p>\n<div onclick=\"alert('Please use the form to get instant access.');return false;\"><span class=\"frb_image_inner frb_image_border \" style=\"\" data-bordercolor=\"#111111\" data-borderhover=\"#82b440\"><br \/>\n\t\t<img decoding=\"async\" id=\"\" class=\" frb_image_flat\" src=\"http:\/\/freddyortizmagallanes.com\/ebooks\/wp-content\/uploads\/2018\/04\/paperbackbookstanding_600x800-3.png\" title=\"\" alt=\"\" style=\"margin:0px 0px 0px 0px;padding:0px 0px 0px 0px;border:none;width:400px;height:500px !important;;box-sizing: border-box;margin-left: auto;margin-right: auto;\" \/><br \/>\n\t\t<span style=\"clear:both; display:block;\"><\/span><i class=\"frb_icon ba ba-search\" style=\"line-height:30px; font-size:30px; height:30px; width:30px; margin:-15px \"><\/i><\/span><\/div>\n<p><\/span><\/div>\n<\/div>\n<style><\/style>\n<\/div>\n<\/div>\n<\/div>\n<div style=\"clear:both;\"><\/div>\n<\/div>\n<\/div>\n<style><\/style>\n<div data-rowtype=\"1\" data-rowid=\"3\" style=\"border:none;\" class=\"pbuilder_row pbuilder_row_id_3\">\n<div class=\"pbuilder_row_background\" style=\" background-color: #ecf0f1; \"><\/div>\n<div  class=\"pbuilder_row_colwrapper\" style=\"padding:36px 0px 36px 0px;\" >\n<div data-colnumber=\"0\" class=\"pbuilder_column pbuilder_column-1-2\">\n<div class=\"pbuilder_column_background\" style=\"border:none; background-color: ; \"><\/div>\n<div style=\"\" class=\" pbuilder_column_inner pbuilder_droppable\" >\n<div class=\"pbuilder_module\" data-shortcode=\"text\" data-modid=\"7\">\n<style type=\"text\/css\" scoped=\"scoped\">\n    #frb_text_349904319, #frb_text_349904319 *{letter-spacing:0px;}\n    #frb_text_349904319 a{color: #444444;}\n    #frb_text_349904319 a:hover{color: #444444;}@media only screen and (max-width : 768px) {\n        #frb_text_349904319{font-size:12px !important;}\n        #frb_text_349904319 .frb_button_icon{font-size:26px !important;}<\/p>\n<p>      }<\/style>\n<style type=\"text\/css\" scoped=\"scoped\">#frb_text_349904319.frb_onScreen.frb_animated {-webkit-animation-duration: 1000ms; animation-duration: 1000ms;}#frb_text_349904319.frb_onScreen.frb_hinge {-webkit-animation-duration: 2000ms; animation-duration: 2000ms;}<\/style>\n<div id=\"frb_text_349904319\" class=\"\" style=\"margin:0px 0px 16px 0px;padding:0px 0px 0px 0px;border:none;text-align:left; font-size:20px; line-height:28px;\">\n<div class=\"frb_text\" style=\"color:#444444;\"><strong>\u00bfC\u00f3mo Programar Tu Mente Para El \u00c9xito? <\/strong>\n<\/div>\n<\/div>\n<\/div>\n<div class=\"pbuilder_module\" data-shortcode=\"text\" data-modid=\"8\">\n<style type=\"text\/css\" scoped=\"scoped\">\n    #frb_text_850119644, #frb_text_850119644 *{letter-spacing:0px;}\n    #frb_text_850119644 a{color: #444444;}\n    #frb_text_850119644 a:hover{color: #444444;}@media only screen and (max-width : 768px) {\n        #frb_text_850119644{font-size:12px !important;}\n        #frb_text_850119644 .frb_button_icon{font-size:26px !important;}<\/p>\n<p>      }<\/style>\n<style type=\"text\/css\" scoped=\"scoped\">#frb_text_850119644.frb_onScreen.frb_animated {-webkit-animation-duration: 1000ms; animation-duration: 1000ms;}#frb_text_850119644.frb_onScreen.frb_hinge {-webkit-animation-duration: 2000ms; animation-duration: 2000ms;}<\/style>\n<div id=\"frb_text_850119644\" class=\"\" style=\"margin:0px 0px 0px 0px;padding:0px 0px 0px 0px;border:none;text-align:left;\">\n<div class=\"frb_text\" style=\"color:#444444;\">Para que puedas alcanzar tus objetivos, debes programar tu mente para que tu \u00e9xito sea autom\u00e1tico. Necesitas tu subconsciente para dirigir continuamente tu vida en la direcci\u00f3n correcta mientras superas los desaf\u00edos que te est\u00e1n frenando.<br \/>\nUsar afirmaciones es una de las formas m\u00e1s efectivas de. programar tu mente. Cada pensamiento que tienes, y cada palabra que hablas es una afirmaci\u00f3n. Tu di\u00e1logo interno es un flujo continuo de declaraciones y tiene un impacto dram\u00e1tico en tu vida. Las cosas que repetidamente te dices y piensas, crean tus creencias y experiencias de tu vida, especialmente cuando contienen emociones fuertes.<\/div>\n<\/div>\n<\/div>\n<\/div>\n<\/div>\n<div data-colnumber=\"1\" class=\"pbuilder_column pbuilder_column-1-2\">\n<div class=\"pbuilder_column_background\" style=\"border:none; background-color: ; \"><\/div>\n<div style=\"\" class=\" pbuilder_column_inner pbuilder_droppable\" >\n<div class=\"pbuilder_module\" data-shortcode=\"bulletlist\" data-modid=\"14\">\n<style type=\"text\/css\" scoped=\"scoped\">#frb_bullets_451662396.frb_onScreen.frb_animated {-webkit-animation-duration: 1000ms; animation-duration: 1000ms;}#frb_bullets_451662396.frb_onScreen.frb_hinge {-webkit-animation-duration: 2000ms; animation-duration: 2000ms;}<\/style>\n<style type=\"text\/css\" scoped=\"scoped\">\n\t\t#frb_bullets_451662396 { padding-bottom:26px;     line-height:18px;margin:0px 0px 16px 0px;padding:0px 0px 0px 0px;border:none;box-sizing: border-box;}\n\t\t#frb_bullets_451662396 li { font-size:18px; color: #444444; background-color: transparent; border-radius: 0px;; line-height:18px; }\n\t\t#frb_bullets_451662396 li i {font-size:18px; color: #27ae60; line-height:18px;}\n\t<\/style>\n<ul class=\"frb_bullets_wrapper \" id=\"frb_bullets_451662396\">\n<li><i class=\"frb_icon ba ba-plus\"><\/i>\n<div style=\"padding-left: 38px;\">A lo largo de este libro, aprender\u00e1s poderosas herramientas para alcanzar los objetivos m\u00e1s importantes de tu vida. Se te ha proporcionado una f\u00f3rmula simple y efectiva que te brindara lo que realmente deseas de tu vida cuando pongas en pr\u00e1ctica las lecciones que has aprendido.<\/div>\n<\/li>\n<li><i class=\"frb_icon ba ba-plus\"><\/i>\n<div style=\"padding-left: 38px;\"><\/div>\n<\/li>\n<\/ul>\n<style><\/style>\n<\/div>\n<\/div>\n<\/div>\n<div style=\"clear:both;\"><\/div>\n<\/div>\n<\/div>\n<style><\/style>\n<div data-rowtype=\"0\" data-rowid=\"1\" style=\"border:none;\" class=\"pbuilder_row pbuilder_row_id_1\">\n<div class=\"pbuilder_row_background\" style=\" background-color: #2c3e50; \"><\/div>\n<div  class=\"pbuilder_row_colwrapper\" style=\"padding:30px 0px 30px 0px;\" >\n<div data-colnumber=\"0\" class=\"pbuilder_column pbuilder_column-1-1\">\n<div class=\"pbuilder_column_background\" style=\"border:none; background-color: ; \"><\/div>\n<div style=\"\" class=\" pbuilder_column_inner pbuilder_droppable\" >\n<div class=\"pbuilder_module\" data-shortcode=\"text\" data-modid=\"10\">\n<style type=\"text\/css\" scoped=\"scoped\">\n    #frb_text_1183717820, #frb_text_1183717820 *{letter-spacing:0px;}\n    #frb_text_1183717820 a{color: #ffffff;}\n    #frb_text_1183717820 a:hover{color: #444444;}@media only screen and (max-width : 768px) {\n        #frb_text_1183717820{font-size:12px !important;}\n        #frb_text_1183717820 .frb_button_icon{font-size:26px !important;}<\/p>\n<p>      }<\/style>\n<style type=\"text\/css\" scoped=\"scoped\">#frb_text_1183717820.frb_onScreen.frb_animated {-webkit-animation-duration: 1000ms; animation-duration: 1000ms;}#frb_text_1183717820.frb_onScreen.frb_hinge {-webkit-animation-duration: 2000ms; animation-duration: 2000ms;}<\/style>\n<div id=\"frb_text_1183717820\" class=\"\" style=\"margin:0px 0px 0px 0px;padding:0px 0px 0px 0px;border:none;text-align:center; font-size:14px; line-height:35px;\">\n<div class=\"frb_text\" style=\"color:#ffffff;\">\u00a9 2020 &#8211; SuperacionyMotivacion.com &#8211; All Rights Reserved<\/div>\n<\/div>\n<\/div>\n<div class=\"pbuilder_module\" data-shortcode=\"text\" data-modid=\"15\">\n<style type=\"text\/css\" scoped=\"scoped\">\n    #frb_text_1869963067, #frb_text_1869963067 *{letter-spacing:0px;}\n    #frb_text_1869963067 a{color: #bfbebe;}\n    #frb_text_1869963067 a:hover{color: #444444;}@media only screen and (max-width : 768px) {\n        #frb_text_1869963067{font-size:12px !important;}\n        #frb_text_1869963067 .frb_button_icon{font-size:26px !important;}<\/p>\n<p>      }<\/style>\n<style type=\"text\/css\" scoped=\"scoped\">#frb_text_1869963067.frb_onScreen.frb_animated {-webkit-animation-duration: 1000ms; animation-duration: 1000ms;}#frb_text_1869963067.frb_onScreen.frb_hinge {-webkit-animation-duration: 2000ms; animation-duration: 2000ms;}<\/style>\n<div id=\"frb_text_1869963067\" class=\"\" style=\"margin:0px 0px 36px 0px;padding:0px 0px 0px 0px;border:none;text-align:left;\">\n<div class=\"frb_text\" style=\"color:#bfbebe;\">Este sitio web no est\u00e1 afiliado a FaceBook ni a ninguna entidad de FaceBook. Una vez que abandonas FaceBook, la responsabilidad ya no est\u00e1 en su sitio. Hacemos todo lo posible para establecer claramente y mostrar todas las pruebas. . Si tiene alguna pregunta, no dude en utilizar el enlace de contacto que se encuentra arriba de este texto.<\/div>\n<\/div>\n<\/div>\n<\/div>\n<\/div>\n<div style=\"clear:both;\"><\/div>\n<\/div>\n<\/div>\n<style><\/style>\n<\/p><\/div>\n<div style=\"clear:both\"><\/div>\n<\/p><\/div>\n<div style=\"clear:both\"><\/div>\n<\/p><\/div>\n","protected":false},"excerpt":{"rendered":"<p>Alcanza Tus Sue\u00f1os &#8220;Este libro te ayudar\u00e1 a definir tus objetivos, as\u00ed como tambi\u00e9n definir el tipo de vida que deseas crear. Te ayudar\u00e1 a establecer metas que te inspirar\u00e1n y te har\u00e1n querer saltar de la cama todas las ma\u00f1anas&#8230;&#8221; Ingresa tu Informaci\u00f3n y obt\u00e9n acceso inmediato a la informaci\u00f3n Acepto los terminos y condiciones Acceso Inmediato Valoramos tu privacidad \u00bfC\u00f3mo Programar Tu Mente Para El \u00c9xito? Para que puedas alcanzar tus objetivos, debes programar tu mente para que tu \u00e9xito sea autom\u00e1tico. Necesitas tu subconsciente para dirigir continuamente tu vida en la direcci\u00f3n correcta mientras superas los desaf\u00edos [&hellip;]<\/p>\n","protected":false},"author":1,"featured_media":1404,"parent":0,"menu_order":0,"comment_status":"closed","ping_status":"closed","template":"","meta":{"footnotes":"","_links_to":"","_links_to_target":""},"class_list":["post-1477","page","type-page","status-publish","has-post-thumbnail","hentry"],"_links":{"self":[{"href":"http:\/\/superacionymotivacion.com\/paginas\/wp-json\/wp\/v2\/pages\/1477","targetHints":{"allow":["GET"]}}],"collection":[{"href":"http:\/\/superacionymotivacion.com\/paginas\/wp-json\/wp\/v2\/pages"}],"about":[{"href":"http:\/\/superacionymotivacion.com\/paginas\/wp-json\/wp\/v2\/types\/page"}],"author":[{"embeddable":true,"href":"http:\/\/superacionymotivacion.com\/paginas\/wp-json\/wp\/v2\/users\/1"}],"replies":[{"embeddable":true,"href":"http:\/\/superacionymotivacion.com\/paginas\/wp-json\/wp\/v2\/comments?post=1477"}],"version-history":[{"count":13,"href":"http:\/\/superacionymotivacion.com\/paginas\/wp-json\/wp\/v2\/pages\/1477\/revisions"}],"predecessor-version":[{"id":1497,"href":"http:\/\/superacionymotivacion.com\/paginas\/wp-json\/wp\/v2\/pages\/1477\/revisions\/1497"}],"wp:featuredmedia":[{"embeddable":true,"href":"http:\/\/superacionymotivacion.com\/paginas\/wp-json\/wp\/v2\/media\/1404"}],"wp:attachment":[{"href":"http:\/\/superacionymotivacion.com\/paginas\/wp-json\/wp\/v2\/media?parent=1477"}],"curies":[{"name":"wp","href":"https:\/\/api.w.org\/{rel}","templated":true}]}}